{"id":3,"date":"2020-04-25T23:04:58","date_gmt":"2020-04-25T23:04:58","guid":{"rendered":"https:\/\/zbierky.zgjm.sk\/?page_id=3"},"modified":"2020-05-13T21:06:02","modified_gmt":"2020-05-13T21:06:02","slug":"pravidla_pouzitia","status":"publish","type":"page","link":"https:\/\/zbierky.zgjm.sk\/en\/pravidla_pouzitia\/","title":{"rendered":"Terms of Use"},"content":{"rendered":"<div data-elementor-type=\"wp-page\" data-elementor-id=\"3\" class=\"elementor elementor-3\" data-elementor-post-type=\"page\">\n\t\t\t\t\t\t<section class=\"elementor-section elementor-top-section elementor-element elementor-element-b9b17a7 elementor-section-boxed elementor-section-height-default elementor-section-height-default\" data-id=\"b9b17a7\" data-element_type=\"section\" data-e-type=\"section\">\n\t\t\t\t\t\t<div class=\"elementor-container elementor-column-gap-default\">\n\t\t\t\t\t<div class=\"elementor-column elementor-col-100 elementor-top-column elementor-element elementor-element-4739e29\" data-id=\"4739e29\" data-element_type=\"column\" data-e-type=\"column\">\n\t\t\t<div class=\"elementor-widget-wrap elementor-element-populated\">\n\t\t\t\t\t\t<div class=\"elementor-element elementor-element-dd886db elementor-widget elementor-widget-text-editor\" data-id=\"dd886db\" data-element_type=\"widget\" data-e-type=\"widget\" data-widget_type=\"text-editor.default\">\n\t\t\t\t<div class=\"elementor-widget-container\">\n\t\t\t\t\t\t\t\t\t<p>Last revised on: <strong>1. 5. 2020<\/strong><\/p>\t\t\t\t\t\t\t\t<\/div>\n\t\t\t\t<\/div>\n\t\t\t\t\t<\/div>\n\t\t<\/div>\n\t\t\t\t\t<\/div>\n\t\t<\/section>\n\t\t\t\t<section class=\"elementor-section elementor-top-section elementor-element elementor-element-54c1c582 elementor-section-full_width elementor-section-height-default elementor-section-height-default\" data-id=\"54c1c582\" data-element_type=\"section\" data-e-type=\"section\">\n\t\t\t\t\t\t<div class=\"elementor-container elementor-column-gap-default\">\n\t\t\t\t\t<div class=\"elementor-column elementor-col-33 elementor-top-column elementor-element elementor-element-724f1054\" data-id=\"724f1054\" data-element_type=\"column\" data-e-type=\"column\">\n\t\t\t<div class=\"elementor-widget-wrap elementor-element-populated\">\n\t\t\t\t\t\t<div class=\"elementor-element elementor-element-3d8254c0 elementor-widget elementor-widget-text-editor\" data-id=\"3d8254c0\" data-element_type=\"widget\" data-e-type=\"widget\" data-widget_type=\"text-editor.default\">\n\t\t\t\t<div class=\"elementor-widget-container\">\n\t\t\t\t\t\t\t\t\t<h2>Terms of Use<\/h2><h6>Content owner<\/h6><p><strong>\u00a9 Zahorie Gallery of Jan Mudroch in Senica, allrights reserved<\/strong><\/p><p><strong>The provider<\/strong> of the present Website www.zgjm.sk is the Zahorie Gallery of Jan Mudroch in Senica with registered office:<br \/>Sadov\u00e1 619\/3, 905 01\u00a0Senica<br \/>(hereinafter referred to as \u201cProvider\u201d)<\/p><p><strong>The User of<\/strong> Website is any person who accesses the Website and uses its content via the worldwide Internet (hereinafter referred to as the \"User\").<\/p><p><strong>Content<\/strong> of this Website is protected by Act no. 618\/2003 Coll. on Copyright and Rights Related to Copyright (Copyright Act) as amended (hereinafter \"CA\").<\/p><p>The content of this Website is a collective work according to CA (it is created as a set of articles, studies, photographs, illustrations, sketches, audiovisual works, databases or other elements \/ components, or their parts, etc.).<\/p><p>Any <strong>infringement of copyright<\/strong> or copyright-related rights in this collective work or in its component \/ element <strong>shall constitute the civil and criminal liability<\/strong> of the offender.<\/p><p>The User may use the content of the Website on the basis of the license granted by the rights holder (\u00a7 40 et seq. CA) or in a purposefully defined manner <strong>permitted by copyright act<\/strong> (restrictions of property rights according to \u00a7 24 - 38 CA).<\/p><p>The scope of use of a work or other subject of protection under copyright law, which is not \"free\", is therefore <strong>limited by the granted license<\/strong> or the manner of use permitted by law (free becomes a work or other subject of protection upon expiry of copyright).<\/p><p><strong>In the case of authorized use of the content of the Website by the User in a manner permitted (eg citation), the User is obliged to specify the title of the work (article, photograph, etc.), the name of the author and the source (source) of the work, e.g. in the form of a link.<\/strong> This applies not only to accessible works, but also to other accessible objects, including databases, the re-utilization and extraction of which is restricted by law.<\/p><p><b>Use of the content of the Website beyond the scope of copyright law<\/b> or its use beyond the license granted by the Provider, or without it, may be a crime (copyright infringement according to \u00a7 283 of the Act).<\/p><p>Liability of the Provider, or the other rights defined by the law, are not affected.<\/p>\t\t\t\t\t\t\t\t<\/div>\n\t\t\t\t<\/div>\n\t\t\t\t\t<\/div>\n\t\t<\/div>\n\t\t\t\t<div class=\"elementor-column elementor-col-33 elementor-top-column elementor-element elementor-element-7583f81\" data-id=\"7583f81\" data-element_type=\"column\" data-e-type=\"column\">\n\t\t\t<div class=\"elementor-widget-wrap elementor-element-populated\">\n\t\t\t\t\t\t<div class=\"elementor-element elementor-element-0bd0890 elementor-widget elementor-widget-text-editor\" data-id=\"0bd0890\" data-element_type=\"widget\" data-e-type=\"widget\" data-widget_type=\"text-editor.default\">\n\t\t\t\t<div class=\"elementor-widget-container\">\n\t\t\t\t\t\t\t\t\t<h2>Privacy Statement<\/h2><div data-id=\"ace811e\" data-element_type=\"widget\" data-widget_type=\"text-editor.default\"><div><div><p><strong>(Information on the collection and processing of personal data)<\/strong><\/p><h6>Introduction<\/h6><p>Zahorie Gallery of Jan Mudroch in Senica (hereinafter referred to as \u201cwe\u201d, \u201cus\u201d or \u201cour\u201d). This information explains how we protect visitor data obtained through this Website.<\/p><p>This Privacy Statement applies exclusively to a specific website www.zgjm.sk, hereinafter referred to as \"this Website\".<\/p><h6>Contact<\/h6><p>Any questions regarding this Privacy Statement or the collection and processing of your personal information while using this Website, please send to\u00a0<a href=\"mailto:zahorskagaleria@zupa-tt.sk\">zahorskagaleria@zupa-tt.sk<\/a>.<\/p><h6>Collection and processing of personal data<\/h6><p>You do not have to provide any personal data when using this Website.<\/p><p>However, this Website may collect personal information that visitors voluntarily provide for a particular purpose. In such a case (ie if this Website contains a system or application that is used to process personal data for a specific purpose, eg recruitment), your consent to the processing of personal data will be requested by the relevant personal data controller in accordance with applicable law. You will be provided with the relevant information on the collection and processing of personal data before any personal data is collected or processed.<\/p><p><strong>This Website does not collect or process any special categories of personal data<\/strong> (sensitive personal data).<\/p><h6>Information about internet events (log information), cookies and web beacons<\/h6><p>This site collects standard log information, including your IP address, browser type and language, access time, as well as the referring web address. In order to ensure the quality of the administration of this Website and to facilitate advanced navigation, we or our service providers may also use the so-called \"Cookies\" (small text files stored in the user's browser) or web presence signals (electronic images that allow these websites to count visitors who have opened a particular page or make certain cookies available) for the collection of aggregate data.<\/p><p>We do not collect or store any individual (non-aggregate) cookies. We have access only to the summary data on cookies for the purpose of the functionality of this website. For more information on how we use cookies and other monitoring technologies and how you can control them, see the Notice on the Use of Cookies.<\/p><h6>Social media<\/h6><p>This Website may contain links to social media applications or services that allow you to share content with other users (\"Social Media Applications\"). Any personal or other information you enter into any Social Media Application may be read, collected and used by other users of the Social Media Application, and we have little or no control over those other users.<\/p><p>For these reasons, we are not responsible for any use, misuse or other unauthorized handling of any personal data or other information that you enter into any Social Media Application.<\/p><h6>Data protection<\/h6><p>We apply the standards of technical and operational security of all data provided by visitors through this Website against unauthorized access, publication, alteration or destruction. We may make changes or additions to this Privacy Statement from time to time in our sole discretion.<\/p><p>If there are any changes to this Privacy Statement, it will be effective in relation to you and your information from the date of publication. We encourage you to periodically review this Privacy Statement to be informed of how we are protecting your information.<\/p><h6>Protection of children's personal data<\/h6><p>We are aware of the importance of protecting children's personal data in the interactive world of the Internet. This Website is not designed or intentionally intended for children under the age of 16. Our goal is not to collect or store data about individuals under the age of 16 in a targeted manner.<\/p><\/div><\/div><\/div>\t\t\t\t\t\t\t\t<\/div>\n\t\t\t\t<\/div>\n\t\t\t\t\t<\/div>\n\t\t<\/div>\n\t\t\t\t<div class=\"elementor-column elementor-col-33 elementor-top-column elementor-element elementor-element-1574592\" data-id=\"1574592\" data-element_type=\"column\" data-e-type=\"column\">\n\t\t\t<div class=\"elementor-widget-wrap elementor-element-populated\">\n\t\t\t\t\t\t<div class=\"elementor-element elementor-element-aee5780 elementor-widget elementor-widget-text-editor\" data-id=\"aee5780\" data-element_type=\"widget\" data-e-type=\"widget\" data-widget_type=\"text-editor.default\">\n\t\t\t\t<div class=\"elementor-widget-container\">\n\t\t\t\t\t\t\t\t\t<h2>Cookies<\/h2><p><strong>This notice is part of the Privacy Statement.<\/strong> For more information about us and how we protect information about visitors to this Website, please see our Privacy Statement.<\/p><p>In order to provide you with access to this Website and services tailored to your needs, we need to know and store information about how you use this Website. We achieve this using small text files, so-called cookies.<\/p><p>Cookies contain a small amount of information and are downloaded via the server of this Website to your computer or other device. Your internet browser will then send cookies back to this Website on each subsequent visit, thanks to which this Website will recognize you and find information e.g. about your user preferences (pages visited, clicks, activity history).<\/p><p><strong>Detailed information about cookies<\/strong> and their operation can be found at\u00a0<a href=\"http:\/\/www.aboutcookies.org\/\" target=\"_blank\" rel=\"noopener noreferrer\">www.aboutcookies.org<\/a>. Whenever you visit this Website, information may be collected through cookies or other technologies (information about language, country and previously set pages).<\/p><p>The obtained cookies are used only to a very limited extent, which is necessary for technical purposes (functionality of the website), and are stored for 5 years in accordance with international standards NAI -\u00a0<a href=\"http:\/\/www.networkadvertising.org\/\" target=\"_blank\" rel=\"noopener noreferrer\">www.networkadvertising.org<\/a>. This information cannot be linked to any specific person.<\/p><p><strong>By visiting this Website, you agree to the use of cookies to the extent specified in this Notice on the use of cookies.<\/strong><\/p><h6>What cookies do we use and why?<\/h6><p>Some of the cookies we use are necessary in order to be able to view this Website and use its functions, such as access to secure areas that may contain information for registered users (so-called <strong>essential<\/strong> cookies)<\/p><p>We also use the so-called \"<strong>functional<\/strong> cookies \"storing information that allows us to customize the site; for example, save your language or your geographical location or the fact that you have already filled out our survey. This information is used for a very limited purpose and is kept for a limited time. All this data is completely anonymous and is not used for other purposes.<\/p><p>We and our service providers also use <strong>analytical<\/strong> services that help us determine how effective the content of our Websites is, what interests our users, and how to improve the operation of this Website.<\/p><p>In addition, we use the so-called <strong>web beacons<\/strong>, known as pixel tags for counting visits to our Websites, and the so - called. \"<strong>performance<\/strong> cookies \"that monitor how many unique users visit this Website and how often.<\/p><p>This <strong>data We use for statistical purposes only<\/strong> and it is not our intention to use this information to identify specific users. If you want to get more detailed information about the cookies we use, write to\u00a0<a href=\"mailto:zahorskagaleria@zupa-tt.sk\">zahorskagaleria@zupa-tt.sk<\/a>.<\/p><h6>How can you control cookies?<\/h6><p><strong>By visiting this Website, you agree that we may place cookies on your computer or device as explained above.<\/strong><\/p><p>However, you can <strong>control and manage<\/strong> these files in several ways. Please keep in mind that deleting or blocking cookies may affect your user experience and you may not have full access to certain areas of this Website.<\/p><h6>Changes using web browsers<\/h6><p>Most internet browsers allow you to control what cookies you have stored, delete individual cookies or store cookies from certain or all websites.<\/p><p>Please note that if you delete all cookies, all your personal settings will be lost, including preferences prohibiting the use of cookies, because this option also requires the setting of so-called opt-out cookies.<\/p><p><strong>More information on how you can set your internet browser<\/strong> to block or filter cookies can be found at\u00a0<a href=\"http:\/\/www.cookiecentral.com\/faq\" target=\"_blank\" rel=\"noopener noreferrer\">www.cookiecentral.com\/faq<\/a>\u00a0or at\u00a0<a href=\"http:\/\/www.aboutcookies.org\/\" target=\"_blank\" rel=\"noopener noreferrer\">www.aboutcookies.org<\/a>.<\/p><h6>The so-called \"Analytical cookies\" setting<\/h6><p>You can prevent your anonymous web browsing from being stored in analytical cookies. Please note that we use the services of the analytical cookie providers listed below.<\/p><p>You can get more information about the privacy policy of these providers and the possibilities of prohibiting the use of their cookies at the following links:\u00a0<a href=\"https:\/\/policies.google.com\/technologies\/partner-sites?hl=sk\" target=\"_blank\" rel=\"noopener noreferrer\">Google Analytics<\/a>.<\/p><h6>Social network buttons<\/h6><p>We also use social media buttons that allow users to share or bookmark web pages. These are buttons that link to social networking sites operated by third parties that can retrieve information about your online activities, including this Website.<\/p><p><strong>Please read the Terms of Use of this website<\/strong>to understand exactly how this site uses your data and to see how you can prevent this information from being stored or deleted.<\/p><h6>External web services<\/h6><p>We sometimes use external web services to display the content of this Website, such as to display images or videos. As with social media buttons, we are unable to prevent these external sites or domains from collecting information about how you use content embedded on our Websites.<\/p><p>We may modify or supplement this Notice from time to time in our sole discretion. If this Notice is amended or modified, the date of the last revision listed at the top of this page will also change. The amended or supplemented Notice will take effect from this date.<\/p><p>We recommend that you regularly check this Notice to keep track of how we use cookies.<\/p>\t\t\t\t\t\t\t\t<\/div>\n\t\t\t\t<\/div>\n\t\t\t\t\t<\/div>\n\t\t<\/div>\n\t\t\t\t\t<\/div>\n\t\t<\/section>\n\t\t\t\t<\/div>","protected":false},"excerpt":{"rendered":"<p>D\u00e1tum poslednej rev\u00edzie: 1. 5. 2020 Pravidl\u00e1 pou\u017eitia Spr\u00e1vca obsahu \u00a9 Z\u00e1horsk\u00e1 gal\u00e9ria J\u00e1na Mudrocha v Senici, v\u0161etky pr\u00e1va vyhraden\u00e9 Prev\u00e1dzkovate\u013e internetov\u00e9ho port\u00e1lu www.zgjm.sk (\u010falej len \u201ePort\u00e1l\u201c) je Z\u00e1horsk\u00e1 gal\u00e9ria J\u00e1na Mudrocha v Senici, so s\u00eddlom:Sadov\u00e1 619\/3, 905 01\u00a0Senica(\u010falej len \u201ePrev\u00e1dzkovate\u013e\u201c). Pou\u017e\u00edvate\u013e Port\u00e1lu je ka\u017ed\u00e1 osoba, ktor\u00e1 vstupuje na Port\u00e1l a pou\u017e\u00edva obsah Port\u00e1lu prostredn\u00edctvom [&hellip;]<\/p>\n","protected":false},"author":1,"featured_media":0,"parent":0,"menu_order":4,"comment_status":"closed","ping_status":"open","template":"","meta":{"site-sidebar-layout":"no-sidebar","site-content-layout":"boxed-container","ast-site-content-layout":"default","site-content-style":"default","site-sidebar-style":"default","ast-global-header-display":"","ast-banner-title-visibility":"","ast-main-header-display":"disabled","ast-hfb-above-header-display":"","ast-hfb-below-header-display":"","ast-hfb-mobile-header-display":"","site-post-title":"disabled","ast-breadcrumbs-content":"","ast-featured-img":"disabled","footer-sml-layout":"disabled","ast-disable-related-posts":"","theme-transparent-header-meta":"disabled","adv-header-id-meta":"","stick-header-meta":"","header-above-stick-meta":"","header-main-stick-meta":"","header-below-stick-meta":"","astra-migrate-meta-layouts":"default","ast-page-background-enabled":"default","ast-page-background-meta":{"desktop":{"background-color":"","background-image":"","background-repeat":"repeat","background-position":"center center","background-size":"auto","background-attachment":"scroll","background-type":"","background-media":"","overlay-type":"","overlay-color":"","overlay-opacity":"","overlay-gradient":""},"tablet":{"background-color":"","background-image":"","background-repeat":"repeat","background-position":"center center","background-size":"auto","background-attachment":"scroll","background-type":"","background-media":"","overlay-type":"","overlay-color":"","overlay-opacity":"","overlay-gradient":""},"mobile":{"background-color":"","background-image":"","background-repeat":"repeat","background-position":"center center","background-size":"auto","background-attachment":"scroll","background-type":"","background-media":"","overlay-type":"","overlay-color":"","overlay-opacity":"","overlay-gradient":""}},"ast-content-background-meta":{"desktop":{"background-color":"var(--ast-global-color-5)","background-image":"","background-repeat":"repeat","background-position":"center center","background-size":"auto","background-attachment":"scroll","background-type":"","background-media":"","overlay-type":"","overlay-color":"","overlay-opacity":"","overlay-gradient":""},"tablet":{"background-color":"var(--ast-global-color-5)","background-image":"","background-repeat":"repeat","background-position":"center center","background-size":"auto","background-attachment":"scroll","background-type":"","background-media":"","overlay-type":"","overlay-color":"","overlay-opacity":"","overlay-gradient":""},"mobile":{"background-color":"var(--ast-global-color-5)","background-image":"","background-repeat":"repeat","background-position":"center center","background-size":"auto","background-attachment":"scroll","background-type":"","background-media":"","overlay-type":"","overlay-color":"","overlay-opacity":"","overlay-gradient":""}},"footnotes":""},"class_list":["post-3","page","type-page","status-publish","hentry"],"_links":{"self":[{"href":"https:\/\/zbierky.zgjm.sk\/en\/wp-json\/wp\/v2\/pages\/3","targetHints":{"allow":["GET"]}}],"collection":[{"href":"https:\/\/zbierky.zgjm.sk\/en\/wp-json\/wp\/v2\/pages"}],"about":[{"href":"https:\/\/zbierky.zgjm.sk\/en\/wp-json\/wp\/v2\/types\/page"}],"author":[{"embeddable":true,"href":"https:\/\/zbierky.zgjm.sk\/en\/wp-json\/wp\/v2\/users\/1"}],"replies":[{"embeddable":true,"href":"https:\/\/zbierky.zgjm.sk\/en\/wp-json\/wp\/v2\/comments?post=3"}],"version-history":[{"count":37,"href":"https:\/\/zbierky.zgjm.sk\/en\/wp-json\/wp\/v2\/pages\/3\/revisions"}],"predecessor-version":[{"id":2012,"href":"https:\/\/zbierky.zgjm.sk\/en\/wp-json\/wp\/v2\/pages\/3\/revisions\/2012"}],"wp:attachment":[{"href":"https:\/\/zbierky.zgjm.sk\/en\/wp-json\/wp\/v2\/media?parent=3"}],"curies":[{"name":"wp","href":"https:\/\/api.w.org\/{rel}","templated":true}]}}